{"id":402,"date":"2025-03-24T14:08:56","date_gmt":"2025-03-24T13:08:56","guid":{"rendered":"https:\/\/lezarts-creation.com\/?page_id=402"},"modified":"2025-03-25T11:02:45","modified_gmt":"2025-03-25T10:02:45","slug":"post","status":"publish","type":"page","link":"https:\/\/lezarts-creation.com\/index.php\/post\/","title":{"rendered":"Parlons de nos affiches"},"content":{"rendered":"\t\t<div data-elementor-type=\"wp-page\" data-elementor-id=\"402\" class=\"elementor elementor-402\" data-elementor-post-type=\"page\">\n\t\t\t\t<div class=\"elementor-element elementor-element-ec6ee10 e-con-full e-flex e-con e-parent\" data-id=\"ec6ee10\" data-element_type=\"container\" data-e-type=\"container\">\n\t\t\t\t<div class=\"elementor-element elementor-element-818b276 elementor-widget elementor-widget-posts\" data-id=\"818b276\" data-element_type=\"widget\" data-e-type=\"widget\" data-settings=\"{&quot;full_content_row_gap&quot;:{&quot;unit&quot;:&quot;px&quot;,&quot;size&quot;:23,&quot;sizes&quot;:[]}}\" data-widget_type=\"posts.full_content\">\n\t\t\t\t<div class=\"elementor-widget-container\">\n\t\t\t\t\t\t\t<div class=\"elementor-posts-container elementor-posts elementor-posts--skin-full_content elementor-grid\">\n\t\t\t\t<article class=\"elementor-post elementor-grid-item post-422 post type-post status-publish format-standard hentry tag-affiche tag-decoration-interieure tag-illustration tag-poster tag-souvenir-de-voyage\">\n\t\t\t\t<div class=\"elementor-post__text\">\n\t\t\t\t<h1 class=\"elementor-post__title\">\n\t\t\t<a href=\"https:\/\/lezarts-creation.com\/index.php\/2025\/03\/24\/affiche-inspirante-du-mont-ventoux\/\" >\n\t\t\t\tAffiche inspirante du Mont Ventoux\t\t\t<\/a>\n\t\t<\/h1>\n\t\t\t\t<div class=\"elementor-post__meta-data\">\n\t\t\t\t\t<span class=\"elementor-post-date\">\n\t\t\t24 mars 2025\t\t<\/span>\n\t\t\t\t<span class=\"elementor-post-avatar\">\n\t\t\tAucun commentaire\t\t<\/span>\n\t\t\t\t<\/div>\n\t\t\n<figure class=\"wp-block-image size-large\"><img fetchpriority=\"high\" fetchpriority=\"high\" decoding=\"async\" width=\"819\" height=\"1024\" src=\"https:\/\/lezarts-creation.com\/wp-content\/uploads\/2025\/03\/PostInsta02-819x1024.jpg\" alt=\"Affiche du Mont-Ventoux, cr\u00e9\u00e9e par DesignByMathieu \u2013 \u00c9l\u00e9gance et souvenirs pour d\u00e9corer votre int\u00e9rieur ou offrir un cadeau original 100 % made in France.\" class=\"wp-image-407\" title=\"\" srcset=\"https:\/\/lezarts-creation.com\/wp-content\/uploads\/2025\/03\/PostInsta02-819x1024.jpg 819w, https:\/\/lezarts-creation.com\/wp-content\/uploads\/2025\/03\/PostInsta02-240x300.jpg 240w, https:\/\/lezarts-creation.com\/wp-content\/uploads\/2025\/03\/PostInsta02-768x960.jpg 768w, https:\/\/lezarts-creation.com\/wp-content\/uploads\/2025\/03\/PostInsta02.jpg 864w\" sizes=\"(max-width: 819px) 100vw, 819px\"><figcaption class=\"wp-element-caption\">Affiche du Mont-Ventoux, cr\u00e9\u00e9e par DesignByMathieu \u2013 \u00c9l\u00e9gance et souvenirs pour d\u00e9corer votre int\u00e9rieur ou offrir un cadeau original 100 % made in France.<\/figcaption><\/figure>\n\t\t<\/div>\n\t\t\t\t<\/article>\n\t\t\t\t<\/div>\n\t\t\n\t\t\t\t\t\t<\/div>\n\t\t\t\t<\/div>\n\t\t\t\t<\/div>\n\t\t\t\t<\/div>\n\t\t","protected":false},"excerpt":{"rendered":"<p>Nos affiches sont bien plus que de simples illustrations : elles sont le fruit d\u2019un travail minutieux, de la s\u00e9lection du papier \u00e0 la cr\u00e9ation en 100% vectoriel. Gr\u00e2ce \u00e0 cette page interactive, explorez chaque d\u00e9tail de nos affiches et comprenez pourquoi elles sont uniques. Qualit\u00e9 du papier, formats disponibles, techniques de dessin\u2026 D\u00e9couvrez tout ce qui fait la diff\u00e9rence !<\/p>\n","protected":false},"author":1,"featured_media":0,"parent":0,"menu_order":0,"comment_status":"closed","ping_status":"closed","template":"","meta":{"footnotes":""},"class_list":["post-402","page","type-page","status-publish","hentry"],"_links":{"self":[{"href":"https:\/\/lezarts-creation.com\/index.php\/wp-json\/wp\/v2\/pages\/402","targetHints":{"allow":["GET"]}}],"collection":[{"href":"https:\/\/lezarts-creation.com\/index.php\/wp-json\/wp\/v2\/pages"}],"about":[{"href":"https:\/\/lezarts-creation.com\/index.php\/wp-json\/wp\/v2\/types\/page"}],"author":[{"embeddable":true,"href":"https:\/\/lezarts-creation.com\/index.php\/wp-json\/wp\/v2\/users\/1"}],"replies":[{"embeddable":true,"href":"https:\/\/lezarts-creation.com\/index.php\/wp-json\/wp\/v2\/comments?post=402"}],"version-history":[{"count":0,"href":"https:\/\/lezarts-creation.com\/index.php\/wp-json\/wp\/v2\/pages\/402\/revisions"}],"wp:attachment":[{"href":"https:\/\/lezarts-creation.com\/index.php\/wp-json\/wp\/v2\/media?parent=402"}],"curies":[{"name":"wp","href":"https:\/\/api.w.org\/{rel}","templated":true}]}}